{"id":1814,"date":"2023-04-26T16:50:16","date_gmt":"2023-04-26T14:50:16","guid":{"rendered":"http:\/\/emediadigital.fr\/?page_id=1814"},"modified":"2026-04-17T13:30:35","modified_gmt":"2026-04-17T11:30:35","slug":"formation","status":"publish","type":"page","link":"https:\/\/www.emediadigital.fr\/?page_id=1814","title":{"rendered":"Formation"},"content":{"rendered":"\t\t<div data-elementor-type=\"wp-page\" data-elementor-id=\"1814\" class=\"elementor elementor-1814\" data-elementor-post-type=\"page\">\n\t\t\t\t\t\t<section data-particle_enable=\"false\" data-particle-mobile-disabled=\"false\" class=\"elementor-section elementor-top-section elementor-element elementor-element-e757f01 elementor-section-boxed elementor-section-height-default elementor-section-height-default\" data-id=\"e757f01\" data-element_type=\"section\">\n\t\t\t\t\t\t<div class=\"elementor-container elementor-column-gap-default\">\n\t\t\t\t\t<div class=\"elementor-column elementor-col-100 elementor-top-column elementor-element elementor-element-e01377a\" data-id=\"e01377a\" data-element_type=\"column\">\n\t\t\t<div class=\"elementor-widget-wrap elementor-element-populated\">\n\t\t\t\t\t\t<div class=\"elementor-element elementor-element-cde41c8 elementor-widget elementor-widget-spacer\" data-id=\"cde41c8\" data-element_type=\"widget\" data-widget_type=\"spacer.default\">\n\t\t\t\t<div class=\"elementor-widget-container\">\n\t\t\t\t\t\t\t<div class=\"elementor-spacer\">\n\t\t\t<div class=\"elementor-spacer-inner\"><\/div>\n\t\t<\/div>\n\t\t\t\t\t\t<\/div>\n\t\t\t\t<\/div>\n\t\t\t\t\t<\/div>\n\t\t<\/div>\n\t\t\t\t\t<\/div>\n\t\t<\/section>\n\t\t\t\t<section data-particle_enable=\"false\" data-particle-mobile-disabled=\"false\" class=\"elementor-section elementor-top-section elementor-element elementor-element-b32357b elementor-section-boxed elementor-section-height-default elementor-section-height-default\" data-id=\"b32357b\" data-element_type=\"section\">\n\t\t\t\t\t\t<div class=\"elementor-container elementor-column-gap-default\">\n\t\t\t\t\t<div class=\"elementor-column elementor-col-50 elementor-top-column elementor-element elementor-element-2bdb7f0\" data-id=\"2bdb7f0\" data-element_type=\"column\">\n\t\t\t<div class=\"elementor-widget-wrap elementor-element-populated\">\n\t\t\t\t\t\t<div class=\"elementor-element elementor-element-1503474 elementor-widget elementor-widget-heading\" data-id=\"1503474\" data-element_type=\"widget\" data-widget_type=\"heading.default\">\n\t\t\t\t<div class=\"elementor-widget-container\">\n\t\t\t\t\t<h2 class=\"elementor-heading-title elementor-size-large\">R\u00e9v\u00e9lez votre potentiel digital gr\u00e2ce \u00e0  nos formations innovantes !<\/h2>\t\t\t\t<\/div>\n\t\t\t\t<\/div>\n\t\t\t\t<div class=\"elementor-element elementor-element-6cbc59e elementor-widget elementor-widget-text-editor\" data-id=\"6cbc59e\" data-element_type=\"widget\" data-widget_type=\"text-editor.default\">\n\t\t\t\t<div class=\"elementor-widget-container\">\n\t\t\t\t\t\t\t\t\t<p>Vous cherchez \u00e0 ma\u00eetriser les r\u00e9seaux sociaux et les outils de design pour booster votre pr\u00e9sence en ligne ? Ne cherchez plus, notre organisme de formation est l\u00e0 pour vous accompagner ! Nous proposons une formation personnalis\u00e9 pour vous initier aux meilleures pratiques et vous aider \u00e0 cr\u00e9er des visuels percutants avec des outils. Rejoignez-nous et donnez vie \u00e0 votre cr\u00e9ativit\u00e9 !<\/p>\t\t\t\t\t\t\t\t<\/div>\n\t\t\t\t<\/div>\n\t\t\t\t<div class=\"elementor-element elementor-element-e8d3758 elementor-widget elementor-widget-heading\" data-id=\"e8d3758\" data-element_type=\"widget\" data-widget_type=\"heading.default\">\n\t\t\t\t<div class=\"elementor-widget-container\">\n\t\t\t\t\t<h2 class=\"elementor-heading-title elementor-size-default\">Digital \u2013 R\u00e9seaux Sociaux\n<\/h2>\t\t\t\t<\/div>\n\t\t\t\t<\/div>\n\t\t\t\t<div class=\"elementor-element elementor-element-7270434 elementor-widget elementor-widget-text-editor\" data-id=\"7270434\" data-element_type=\"widget\" data-widget_type=\"text-editor.default\">\n\t\t\t\t<div class=\"elementor-widget-container\">\n\t\t\t\t\t\t\t\t\t<ul><li aria-level=\"1\">Cr\u00e9ation et utilisation des R\u00e9seaux Sociaux<\/li><li>(Facebook, Twitter, Instagramm, TikTok, LinkedIn, \u2026)<\/li><li aria-level=\"1\">Gestion de sa pr\u00e9sence et de son r\u00e9f\u00e9rencement sur le web (GMB)<\/li><li aria-level=\"1\">Gestion de la e-R\u00e9putation<\/li><li aria-level=\"1\">La ma\u00eetrise des R\u00e9seaux Sociaux,\u00a0<\/li><li aria-level=\"1\">\u00a0La mise en place d\u2019une strat\u00e9gie social-m\u00e9dia<\/li><li aria-level=\"1\">\u00a0La r\u00e9alisation des campagnes medias, etc \u2026<\/li><\/ul>\t\t\t\t\t\t\t\t<\/div>\n\t\t\t\t<\/div>\n\t\t\t\t\t<\/div>\n\t\t<\/div>\n\t\t\t\t<div class=\"elementor-column elementor-col-50 elementor-top-column elementor-element elementor-element-a50ca3e\" data-id=\"a50ca3e\" data-element_type=\"column\">\n\t\t\t<div class=\"elementor-widget-wrap elementor-element-populated\">\n\t\t\t\t\t\t<div class=\"elementor-element elementor-element-77e0927 elementor-widget elementor-widget-image\" data-id=\"77e0927\" data-element_type=\"widget\" data-widget_type=\"image.default\">\n\t\t\t\t<div class=\"elementor-widget-container\">\n\t\t\t\t\t\t\t\t\t\t\t\t\t\t\t<img fetchpriority=\"high\" decoding=\"async\" width=\"700\" height=\"1000\" src=\"https:\/\/www.emediadigital.fr\/wp-content\/uploads\/2023\/05\/Sans-titre-700-\u00d7-1000-px.png\" class=\"attachment-large size-large wp-image-1909\" alt=\"\" srcset=\"https:\/\/www.emediadigital.fr\/wp-content\/uploads\/2023\/05\/Sans-titre-700-\u00d7-1000-px.png 700w, https:\/\/www.emediadigital.fr\/wp-content\/uploads\/2023\/05\/Sans-titre-700-\u00d7-1000-px-210x300.png 210w\" sizes=\"(max-width: 700px) 100vw, 700px\" \/>\t\t\t\t\t\t\t\t\t\t\t\t\t\t\t<\/div>\n\t\t\t\t<\/div>\n\t\t\t\t\t<\/div>\n\t\t<\/div>\n\t\t\t\t\t<\/div>\n\t\t<\/section>\n\t\t\t\t<section data-particle_enable=\"false\" data-particle-mobile-disabled=\"false\" class=\"elementor-section elementor-top-section elementor-element elementor-element-3ed2d90 elementor-section-boxed elementor-section-height-default elementor-section-height-default\" data-id=\"3ed2d90\" data-element_type=\"section\">\n\t\t\t\t\t\t<div class=\"elementor-container elementor-column-gap-default\">\n\t\t\t\t\t<div class=\"elementor-column elementor-col-100 elementor-top-column elementor-element elementor-element-06521d6\" data-id=\"06521d6\" data-element_type=\"column\">\n\t\t\t<div class=\"elementor-widget-wrap elementor-element-populated\">\n\t\t\t\t\t\t<div class=\"elementor-element elementor-element-1c2b475 elementor-widget elementor-widget-text-editor\" data-id=\"1c2b475\" data-element_type=\"widget\" data-widget_type=\"text-editor.default\">\n\t\t\t\t<div class=\"elementor-widget-container\">\n\t\t\t\t\t\t\t\t\t<p><i>Notre formations\u00a0est\u00a0accessible dans un d\u00e9lai de 15 jours avant le d\u00e9marrage de la formation, sous r\u00e9serve de la validation des pr\u00e9-requis de la formation.<\/i><\/p>\t\t\t\t\t\t\t\t<\/div>\n\t\t\t\t<\/div>\n\t\t\t\t\t<\/div>\n\t\t<\/div>\n\t\t\t\t\t<\/div>\n\t\t<\/section>\n\t\t\t\t<section data-particle_enable=\"false\" data-particle-mobile-disabled=\"false\" class=\"elementor-section elementor-top-section elementor-element elementor-element-ce2c99a elementor-section-boxed elementor-section-height-default elementor-section-height-default\" data-id=\"ce2c99a\" data-element_type=\"section\">\n\t\t\t\t\t\t<div class=\"elementor-container elementor-column-gap-default\">\n\t\t\t\t\t<div class=\"elementor-column elementor-col-100 elementor-top-column elementor-element elementor-element-20e3974\" data-id=\"20e3974\" data-element_type=\"column\">\n\t\t\t<div class=\"elementor-widget-wrap elementor-element-populated\">\n\t\t\t\t\t\t<div class=\"elementor-element elementor-element-e03f3c7 elementor-align-center elementor-mobile-align-center elementor-widget elementor-widget-button\" data-id=\"e03f3c7\" data-element_type=\"widget\" data-widget_type=\"button.default\">\n\t\t\t\t<div class=\"elementor-widget-container\">\n\t\t\t\t\t\t\t\t\t<div class=\"elementor-button-wrapper\">\n\t\t\t\t\t<a class=\"elementor-button elementor-button-link elementor-size-sm\" href=\"http:\/\/emediadigital.fr\/?page_id=38\">\n\t\t\t\t\t\t<span class=\"elementor-button-content-wrapper\">\n\t\t\t\t\t\t\t\t\t<span class=\"elementor-button-text\">Contactez-nous<\/span>\n\t\t\t\t\t<\/span>\n\t\t\t\t\t<\/a>\n\t\t\t\t<\/div>\n\t\t\t\t\t\t\t\t<\/div>\n\t\t\t\t<\/div>\n\t\t\t\t\t<\/div>\n\t\t<\/div>\n\t\t\t\t\t<\/div>\n\t\t<\/section>\n\t\t\t\t<section data-particle_enable=\"false\" data-particle-mobile-disabled=\"false\" class=\"elementor-section elementor-top-section elementor-element elementor-element-b5de069 elementor-section-boxed elementor-section-height-default elementor-section-height-default\" data-id=\"b5de069\" data-element_type=\"section\">\n\t\t\t\t\t\t<div class=\"elementor-container elementor-column-gap-default\">\n\t\t\t\t\t<div class=\"elementor-column elementor-col-100 elementor-top-column elementor-element elementor-element-e321deb\" data-id=\"e321deb\" data-element_type=\"column\">\n\t\t\t<div class=\"elementor-widget-wrap elementor-element-populated\">\n\t\t\t\t\t\t<div class=\"elementor-element elementor-element-bc5936c elementor-widget elementor-widget-spacer\" data-id=\"bc5936c\" data-element_type=\"widget\" data-widget_type=\"spacer.default\">\n\t\t\t\t<div class=\"elementor-widget-container\">\n\t\t\t\t\t\t\t<div class=\"elementor-spacer\">\n\t\t\t<div class=\"elementor-spacer-inner\"><\/div>\n\t\t<\/div>\n\t\t\t\t\t\t<\/div>\n\t\t\t\t<\/div>\n\t\t\t\t\t<\/div>\n\t\t<\/div>\n\t\t\t\t\t<\/div>\n\t\t<\/section>\n\t\t\t\t<section data-particle_enable=\"false\" data-particle-mobile-disabled=\"false\" class=\"elementor-section elementor-top-section elementor-element elementor-element-1d982213 elementor-section-boxed elementor-section-height-default elementor-section-height-default\" data-id=\"1d982213\" data-element_type=\"section\">\n\t\t\t\t\t\t<div class=\"elementor-container elementor-column-gap-default\">\n\t\t\t\t\t<div class=\"elementor-column elementor-col-100 elementor-top-column elementor-element elementor-element-5a07c01b\" data-id=\"5a07c01b\" data-element_type=\"column\">\n\t\t\t<div class=\"elementor-widget-wrap elementor-element-populated\">\n\t\t\t\t\t\t<div class=\"elementor-element elementor-element-1567b7ff elementor-tabs-view-horizontal elementor-widget elementor-widget-tabs\" data-id=\"1567b7ff\" data-element_type=\"widget\" data-widget_type=\"tabs.default\">\n\t\t\t\t<div class=\"elementor-widget-container\">\n\t\t\t\t\t\t\t<div class=\"elementor-tabs\">\n\t\t\t<div class=\"elementor-tabs-wrapper\" role=\"tablist\" >\n\t\t\t\t\t\t\t\t\t<div id=\"elementor-tab-title-3591\" class=\"elementor-tab-title elementor-tab-desktop-title\" aria-selected=\"true\" data-tab=\"1\" role=\"tab\" tabindex=\"0\" aria-controls=\"elementor-tab-content-3591\" aria-expanded=\"false\">OBJECTIF<\/div>\n\t\t\t\t\t\t\t\t\t<div id=\"elementor-tab-title-3592\" class=\"elementor-tab-title elementor-tab-desktop-title\" aria-selected=\"false\" data-tab=\"2\" role=\"tab\" tabindex=\"-1\" aria-controls=\"elementor-tab-content-3592\" aria-expanded=\"false\">PR\u00c9 REQUIS<\/div>\n\t\t\t\t\t\t\t\t\t<div id=\"elementor-tab-title-3593\" class=\"elementor-tab-title elementor-tab-desktop-title\" aria-selected=\"false\" data-tab=\"3\" role=\"tab\" tabindex=\"-1\" aria-controls=\"elementor-tab-content-3593\" aria-expanded=\"false\">PUBLIC<\/div>\n\t\t\t\t\t\t\t\t\t<div id=\"elementor-tab-title-3594\" class=\"elementor-tab-title elementor-tab-desktop-title\" aria-selected=\"false\" data-tab=\"4\" role=\"tab\" tabindex=\"-1\" aria-controls=\"elementor-tab-content-3594\" aria-expanded=\"false\">MODALITES PEDAGOGIQUES<\/div>\n\t\t\t\t\t\t\t\t\t<div id=\"elementor-tab-title-3595\" class=\"elementor-tab-title elementor-tab-desktop-title\" aria-selected=\"false\" data-tab=\"5\" role=\"tab\" tabindex=\"-1\" aria-controls=\"elementor-tab-content-3595\" aria-expanded=\"false\">ACCOMPAGNEMENT ET ASSISTANCE<\/div>\n\t\t\t\t\t\t\t\t\t<div id=\"elementor-tab-title-3596\" class=\"elementor-tab-title elementor-tab-desktop-title\" aria-selected=\"false\" data-tab=\"6\" role=\"tab\" tabindex=\"-1\" aria-controls=\"elementor-tab-content-3596\" aria-expanded=\"false\">METHODE D\u2019EVALUATION DES ACQUIS<\/div>\n\t\t\t\t\t\t\t\t\t<div id=\"elementor-tab-title-3597\" class=\"elementor-tab-title elementor-tab-desktop-title\" aria-selected=\"false\" data-tab=\"7\" role=\"tab\" tabindex=\"-1\" aria-controls=\"elementor-tab-content-3597\" aria-expanded=\"false\">TARIFS<\/div>\n\t\t\t\t\t\t\t\t\t<div id=\"elementor-tab-title-3598\" class=\"elementor-tab-title elementor-tab-desktop-title\" aria-selected=\"false\" data-tab=\"8\" role=\"tab\" tabindex=\"-1\" aria-controls=\"elementor-tab-content-3598\" aria-expanded=\"false\">DUR\u00c9E<\/div>\n\t\t\t\t\t\t\t<\/div>\n\t\t\t<div class=\"elementor-tabs-content-wrapper\" role=\"tablist\" aria-orientation=\"vertical\">\n\t\t\t\t\t\t\t\t\t<div class=\"elementor-tab-title elementor-tab-mobile-title\" aria-selected=\"true\" data-tab=\"1\" role=\"tab\" tabindex=\"0\" aria-controls=\"elementor-tab-content-3591\" aria-expanded=\"false\">OBJECTIF<\/div>\n\t\t\t\t\t<div id=\"elementor-tab-content-3591\" class=\"elementor-tab-content elementor-clearfix\" data-tab=\"1\" role=\"tabpanel\" aria-labelledby=\"elementor-tab-title-3591\" tabindex=\"0\" hidden=\"false\"><p><span style=\"font-weight: 400;\">Quel que soit le niveau de d\u00e9part, chaque formation est calibr\u00e9e entre le formateur et le stagiaire pour atteindre le niveau souhait\u00e9 par ce dernier. <\/span><span style=\"font-weight: 400;\">Les formateurs prennent en compte les comp\u00e9tences, les connaissances et les objectifs individuels de chaque stagiaire avant de commencer la formation. Cela leur permet de personnaliser la formation en fonction des besoins de chaque stagiaire et de leur niveau de d\u00e9part.<\/span><\/p><\/div>\n\t\t\t\t\t\t\t\t\t<div class=\"elementor-tab-title elementor-tab-mobile-title\" aria-selected=\"false\" data-tab=\"2\" role=\"tab\" tabindex=\"-1\" aria-controls=\"elementor-tab-content-3592\" aria-expanded=\"false\">PR\u00c9 REQUIS<\/div>\n\t\t\t\t\t<div id=\"elementor-tab-content-3592\" class=\"elementor-tab-content elementor-clearfix\" data-tab=\"2\" role=\"tabpanel\" aria-labelledby=\"elementor-tab-title-3592\" tabindex=\"0\" hidden=\"hidden\"><p><span style=\"font-weight: 400;\">Il n\u2019y a aucun pr\u00e9-requis \u00e0 l\u2019apprentissage des R\u00e9seaux Sociaux pour apprendre \u00e0 les utiliser. Cependant, une certaine familiarit\u00e9 avec les technologies num\u00e9riques et les applications mobiles peut \u00eatre utile pour apprendre plus rapidement.<\/span><\/p><p><span style=\"font-weight: 400;\">Les R\u00e9seaux Sociaux sont con\u00e7us pour \u00eatre accessibles et conviviaux pour les utilisateurs de tous niveaux. Il est donc possible de commencer \u00e0 utiliser les r\u00e9seaux sociaux m\u00eame sans exp\u00e9rience pr\u00e9alable.<\/span><\/p><\/div>\n\t\t\t\t\t\t\t\t\t<div class=\"elementor-tab-title elementor-tab-mobile-title\" aria-selected=\"false\" data-tab=\"3\" role=\"tab\" tabindex=\"-1\" aria-controls=\"elementor-tab-content-3593\" aria-expanded=\"false\">PUBLIC<\/div>\n\t\t\t\t\t<div id=\"elementor-tab-content-3593\" class=\"elementor-tab-content elementor-clearfix\" data-tab=\"3\" role=\"tabpanel\" aria-labelledby=\"elementor-tab-title-3593\" tabindex=\"0\" hidden=\"hidden\"><p>Nos formations en Digital sont accessibles \u00e0 tous les publics, personnels (dans le cadre du compte personnel de formation) ou professionnels (dans le cadre de la formation professionnelle continue).<\/p><\/div>\n\t\t\t\t\t\t\t\t\t<div class=\"elementor-tab-title elementor-tab-mobile-title\" aria-selected=\"false\" data-tab=\"4\" role=\"tab\" tabindex=\"-1\" aria-controls=\"elementor-tab-content-3594\" aria-expanded=\"false\">MODALITES PEDAGOGIQUES<\/div>\n\t\t\t\t\t<div id=\"elementor-tab-content-3594\" class=\"elementor-tab-content elementor-clearfix\" data-tab=\"4\" role=\"tabpanel\" aria-labelledby=\"elementor-tab-title-3594\" tabindex=\"0\" hidden=\"hidden\"><p>Nous proposons deux modalit\u00e9s d\u2019apprentissage : le&nbsp; pr\u00e9sentiel et\/ou le distanciel, proposant chacun des modalit\u00e9s p\u00e9dagogiques sp\u00e9cifiques&nbsp;:<\/p>\n<p><b><u>Pr\u00e9sentiel :<\/u><\/b><\/p>\n<ul>\n<li>Formation en face \u00e0 face ou par groupes de niveau homog\u00e8nes<\/li>\n<li>Formation via PC, Tablette ou Smartphone en relation directe avec le formateur via Teams ou Zoom<\/li>\n<li>Support de Cours adapt\u00e9s<\/li>\n<li>Expos\u00e9s et pr\u00e9sentation des concepts abord\u00e9s<\/li>\n<li>Exercices pratiques<\/li>\n<li>Fiche de suivi de formation<\/li>\n<li>Fiche d\u2019\u00e9valuation de la formation et du formateur<\/li>\n<\/ul>\n<p><b><u>FOAD \/ E-learning :<\/u><\/b><\/p>\n<ul>\n<li>Utilisation de modules d\u2019auto-formation&nbsp;<\/li>\n<li>Exercices pratiques<\/li>\n<li>Assistance p\u00e9dagogique au stagiaire par t\u00e9l\u00e9phone, e-mail ou sous forme de \u00ab chat \u00bb ou de hotline t\u00e9l\u00e9phonique disponible sur la plateforme eLearning<\/li>\n<li>Fiches de synth\u00e8se permettant de r\u00e9sumer le contenu des modules suivis<\/li>\n<li>Etudes de cas afin de valider et de mettre en application les acquis th\u00e9oriques.<\/li>\n<li>Tests ou Quiz \u00e0 l\u2019issue de chaque module pour valider les acquis<\/li>\n<li>Relev\u00e9 de connexion en fin de Formation<\/li>\n<li>Les deux modalit\u00e9s peuvent \u00eatre combin\u00e9es lors d\u2019un m\u00eame parcours de Formation (Blended), ce qui permet une plus grande autonomie de l\u2019apprenant pour l\u2019acquisition et l\u2019homog\u00e9n\u00e9isation des connaissances acquises ainsi que pour l\u2019atteinte de ses objectifs et sa mont\u00e9e en comp\u00e9tence.<\/li>\n<\/ul><\/div>\n\t\t\t\t\t\t\t\t\t<div class=\"elementor-tab-title elementor-tab-mobile-title\" aria-selected=\"false\" data-tab=\"5\" role=\"tab\" tabindex=\"-1\" aria-controls=\"elementor-tab-content-3595\" aria-expanded=\"false\">ACCOMPAGNEMENT ET ASSISTANCE<\/div>\n\t\t\t\t\t<div id=\"elementor-tab-content-3595\" class=\"elementor-tab-content elementor-clearfix\" data-tab=\"5\" role=\"tabpanel\" aria-labelledby=\"elementor-tab-title-3595\" tabindex=\"0\" hidden=\"hidden\"><p>Les b\u00e9n\u00e9ficiaires des formations assur\u00e9es par E-MEDIADIGITAL seront assist\u00e9s d\u2019une part par le formateur assurant la partie pr\u00e9sentielle et d\u2019autre part par le responsable p\u00e9dagogique de E-MEDIADIGITAL, en charge du suivi des parcours FOAD.\u00a0<\/p><p>Sur la partie pr\u00e9sentielle, les sessions se d\u00e9roulent aux dates et lieux d\u00e9finis avec le Formateur et permettent un accompagnement effectif du stagiaire in-situ.<\/p><p>Sur la partie e-Learning, le stagiaire dispose \u00e0 tout moment de l\u2019appui d\u2019un r\u00e9f\u00e9rent et du formateur pour l\u2019accompagner, tout au long de sa formation :\u00a0<\/p><ul><li aria-level=\"1\">Au d\u00e9marrage de sa Formation, une fois les tests d\u2019\u00e9valuation valid\u00e9s par le stagiaire, il peut, s\u2019il le souhaite, solliciter une d\u00e9monstration de prise en main par t\u00e9l\u00e9phone. Cette d\u00e9monstration a pour but de le familiariser avec l\u2019outil et lui donner des conseils p\u00e9dagogiques.<\/li><li aria-level=\"1\">Tout au long de la formation, le formateur et le r\u00e9f\u00e9rent dispensent des conseils p\u00e9dagogiques au stagiaire par t\u00e9l\u00e9phone, par e-mail, et sous forme de \u00ab chat \u00bb.<\/li><li aria-level=\"1\">Le stagiaire dispose \u00e0 tout moment d\u2019une hotline t\u00e9l\u00e9phonique sur la plateforme e-Learning pour toute question, probl\u00e8me ou conseils.<\/li><\/ul><\/div>\n\t\t\t\t\t\t\t\t\t<div class=\"elementor-tab-title elementor-tab-mobile-title\" aria-selected=\"false\" data-tab=\"6\" role=\"tab\" tabindex=\"-1\" aria-controls=\"elementor-tab-content-3596\" aria-expanded=\"false\">METHODE D\u2019EVALUATION DES ACQUIS<\/div>\n\t\t\t\t\t<div id=\"elementor-tab-content-3596\" class=\"elementor-tab-content elementor-clearfix\" data-tab=\"6\" role=\"tabpanel\" aria-labelledby=\"elementor-tab-title-3596\" tabindex=\"0\" hidden=\"hidden\"><div>\u00a0Feuilles d\u2019\u00e9margements<\/div><div>\u00a0Fiche d\u2019\u00e9valuation<\/div><div>\u00a0Exercices d\u2019application<\/div><\/div>\n\t\t\t\t\t\t\t\t\t<div class=\"elementor-tab-title elementor-tab-mobile-title\" aria-selected=\"false\" data-tab=\"7\" role=\"tab\" tabindex=\"-1\" aria-controls=\"elementor-tab-content-3597\" aria-expanded=\"false\">TARIFS<\/div>\n\t\t\t\t\t<div id=\"elementor-tab-content-3597\" class=\"elementor-tab-content elementor-clearfix\" data-tab=\"7\" role=\"tabpanel\" aria-labelledby=\"elementor-tab-title-3597\" tabindex=\"0\" hidden=\"hidden\"><p><b style=\"caret-color: #222222; color: #222222; font-family: Arial, Helvetica, sans-serif;\">Inter<\/b><span style=\"caret-color: #222222; color: #222222; font-family: Arial, Helvetica, sans-serif;\">\u00a0:\u00a0 550 \u20ac \/ jour<\/span><\/p><p style=\"font-style: normal; margin-bottom: 0px; caret-color: #222222; color: #222222; font-family: Arial, Helvetica, sans-serif;\"><b>Intra<\/b>\u00a0: <a href=\"\/exeline\/contact\/\">Nous consulter<\/a>\u00a0<\/p><\/div>\n\t\t\t\t\t\t\t\t\t<div class=\"elementor-tab-title elementor-tab-mobile-title\" aria-selected=\"false\" data-tab=\"8\" role=\"tab\" tabindex=\"-1\" aria-controls=\"elementor-tab-content-3598\" aria-expanded=\"false\">DUR\u00c9E<\/div>\n\t\t\t\t\t<div id=\"elementor-tab-content-3598\" class=\"elementor-tab-content elementor-clearfix\" data-tab=\"8\" role=\"tabpanel\" aria-labelledby=\"elementor-tab-title-3598\" tabindex=\"0\" hidden=\"hidden\"><p>Dur\u00e9e de la formation de 14 \u00e0 42 h<\/p><\/div>\n\t\t\t\t\t\t\t<\/div>\n\t\t<\/div>\n\t\t\t\t\t\t<\/div>\n\t\t\t\t<\/div>\n\t\t\t\t\t<\/div>\n\t\t<\/div>\n\t\t\t\t\t<\/div>\n\t\t<\/section>\n\t\t\t\t<section data-particle_enable=\"false\" data-particle-mobile-disabled=\"false\" class=\"elementor-section elementor-top-section elementor-element elementor-element-ad0af8f elementor-section-boxed elementor-section-height-default elementor-section-height-default\" data-id=\"ad0af8f\" data-element_type=\"section\">\n\t\t\t\t\t\t<div class=\"elementor-container elementor-column-gap-default\">\n\t\t\t\t\t<div class=\"elementor-column elementor-col-100 elementor-top-column elementor-element elementor-element-afe3f77\" data-id=\"afe3f77\" data-element_type=\"column\">\n\t\t\t<div class=\"elementor-widget-wrap elementor-element-populated\">\n\t\t\t\t\t\t<div class=\"elementor-element elementor-element-b641320 elementor-widget elementor-widget-spacer\" data-id=\"b641320\" data-element_type=\"widget\" data-widget_type=\"spacer.default\">\n\t\t\t\t<div class=\"elementor-widget-container\">\n\t\t\t\t\t\t\t<div class=\"elementor-spacer\">\n\t\t\t<div class=\"elementor-spacer-inner\"><\/div>\n\t\t<\/div>\n\t\t\t\t\t\t<\/div>\n\t\t\t\t<\/div>\n\t\t\t\t\t<\/div>\n\t\t<\/div>\n\t\t\t\t\t<\/div>\n\t\t<\/section>\n\t\t\t\t<section data-particle_enable=\"false\" data-particle-mobile-disabled=\"false\" class=\"elementor-section elementor-top-section elementor-element elementor-element-b453f13 elementor-section-boxed elementor-section-height-default elementor-section-height-default\" data-id=\"b453f13\" data-element_type=\"section\">\n\t\t\t\t\t\t<div class=\"elementor-container elementor-column-gap-default\">\n\t\t\t\t\t<div class=\"elementor-column elementor-col-100 elementor-top-column elementor-element elementor-element-d16cd54\" data-id=\"d16cd54\" data-element_type=\"column\">\n\t\t\t<div class=\"elementor-widget-wrap elementor-element-populated\">\n\t\t\t\t\t\t<div class=\"elementor-element elementor-element-324d392 elementor-widget elementor-widget-image\" data-id=\"324d392\" data-element_type=\"widget\" data-widget_type=\"image.default\">\n\t\t\t\t<div class=\"elementor-widget-container\">\n\t\t\t\t\t\t\t\t\t\t\t\t\t\t\t\t<a href=\"https:\/\/www.agefiph.fr\/personne-handicapee\">\n\t\t\t\t\t\t\t<img decoding=\"async\" width=\"225\" height=\"225\" src=\"https:\/\/www.emediadigital.fr\/wp-content\/uploads\/2023\/04\/Unknown.png\" class=\"attachment-large size-large wp-image-1884\" alt=\"\" srcset=\"https:\/\/www.emediadigital.fr\/wp-content\/uploads\/2023\/04\/Unknown.png 225w, https:\/\/www.emediadigital.fr\/wp-content\/uploads\/2023\/04\/Unknown-150x150.png 150w\" sizes=\"(max-width: 225px) 100vw, 225px\" \/>\t\t\t\t\t\t\t\t<\/a>\n\t\t\t\t\t\t\t\t\t\t\t\t\t\t\t<\/div>\n\t\t\t\t<\/div>\n\t\t\t\t<div class=\"elementor-element elementor-element-9653123 elementor-widget elementor-widget-text-editor\" data-id=\"9653123\" data-element_type=\"widget\" data-widget_type=\"text-editor.default\">\n\t\t\t\t<div class=\"elementor-widget-container\">\n\t\t\t\t\t\t\t\t\t<p>Nos locaux sont accessibles au personnes en situation de handicap\u00a0<\/p><p>Pour plus d\u2019informations sur l\u2019accessibilit\u00e9 des formations contactez-nous au <a href=\"tel:123-456-7890\"><span class=\"elementor-icon-list-text\">01.86.95.49.69 <\/span><\/a><\/p>\t\t\t\t\t\t\t\t<\/div>\n\t\t\t\t<\/div>\n\t\t\t\t\t<\/div>\n\t\t<\/div>\n\t\t\t\t\t<\/div>\n\t\t<\/section>\n\t\t\t\t<\/div>\n\t\t","protected":false},"excerpt":{"rendered":"<p>R\u00e9v\u00e9lez votre potentiel digital gr\u00e2ce \u00e0 nos formations innovantes ! Vous cherchez \u00e0 ma\u00eetriser les r\u00e9seaux sociaux et les outils de design pour booster votre pr\u00e9sence en ligne ? Ne cherchez plus, notre organisme de formation est l\u00e0 pour vous accompagner ! Nous proposons une formation personnalis\u00e9 pour vous initier aux meilleures pratiques et vous &hellip;<\/p>\n<p class=\"read-more\"> <a class=\"\" href=\"https:\/\/www.emediadigital.fr\/?page_id=1814\"> <span class=\"screen-reader-text\">Formation<\/span> Lire la suite\u00a0\u00bb<\/a><\/p>\n","protected":false},"author":1,"featured_media":0,"parent":0,"menu_order":0,"comment_status":"closed","ping_status":"closed","template":"","meta":{"site-sidebar-layout":"no-sidebar","site-content-layout":"page-builder","ast-global-header-display":"","ast-main-header-display":"","ast-hfb-above-header-display":"","ast-hfb-below-header-display":"","ast-hfb-mobile-header-display":"","site-post-title":"disabled","ast-breadcrumbs-content":"","ast-featured-img":"disabled","footer-sml-layout":"","theme-transparent-header-meta":"","adv-header-id-meta":"","stick-header-meta":"","header-above-stick-meta":"","header-main-stick-meta":"","header-below-stick-meta":"","footnotes":""},"class_list":["post-1814","page","type-page","status-publish","hentry"],"_links":{"self":[{"href":"https:\/\/www.emediadigital.fr\/index.php?rest_route=\/wp\/v2\/pages\/1814","targetHints":{"allow":["GET"]}}],"collection":[{"href":"https:\/\/www.emediadigital.fr\/index.php?rest_route=\/wp\/v2\/pages"}],"about":[{"href":"https:\/\/www.emediadigital.fr\/index.php?rest_route=\/wp\/v2\/types\/page"}],"author":[{"embeddable":true,"href":"https:\/\/www.emediadigital.fr\/index.php?rest_route=\/wp\/v2\/users\/1"}],"replies":[{"embeddable":true,"href":"https:\/\/www.emediadigital.fr\/index.php?rest_route=%2Fwp%2Fv2%2Fcomments&post=1814"}],"version-history":[{"count":304,"href":"https:\/\/www.emediadigital.fr\/index.php?rest_route=\/wp\/v2\/pages\/1814\/revisions"}],"predecessor-version":[{"id":2582,"href":"https:\/\/www.emediadigital.fr\/index.php?rest_route=\/wp\/v2\/pages\/1814\/revisions\/2582"}],"wp:attachment":[{"href":"https:\/\/www.emediadigital.fr\/index.php?rest_route=%2Fwp%2Fv2%2Fmedia&parent=1814"}],"curies":[{"name":"wp","href":"https:\/\/api.w.org\/{rel}","templated":true}]}}