{"id":10,"date":"2022-09-09T09:57:45","date_gmt":"2022-09-09T07:57:45","guid":{"rendered":"http:\/\/emediadigital.fr\/?page_id=10"},"modified":"2025-01-19T14:20:24","modified_gmt":"2025-01-19T13:20:24","slug":"notre-expertise","status":"publish","type":"page","link":"https:\/\/www.emediadigital.fr\/?page_id=10","title":{"rendered":"Notre expertise"},"content":{"rendered":"\t\t<div data-elementor-type=\"wp-page\" data-elementor-id=\"10\" class=\"elementor elementor-10\" data-elementor-post-type=\"page\">\n\t\t\t\t\t\t<section data-particle_enable=\"false\" data-particle-mobile-disabled=\"false\" class=\"elementor-section elementor-top-section elementor-element elementor-element-32994434 elementor-section-boxed elementor-section-height-default elementor-section-height-default\" data-id=\"32994434\" data-element_type=\"section\" id=\"services_section\">\n\t\t\t\t\t\t<div class=\"elementor-container elementor-column-gap-default\">\n\t\t\t\t\t<div class=\"elementor-column elementor-col-100 elementor-top-column elementor-element elementor-element-40ebe536 p-0\" data-id=\"40ebe536\" data-element_type=\"column\">\n\t\t\t<div class=\"elementor-widget-wrap elementor-element-populated\">\n\t\t\t\t\t\t<div class=\"elementor-element elementor-element-02234dd elementor-widget elementor-widget-spacer\" data-id=\"02234dd\" data-element_type=\"widget\" data-widget_type=\"spacer.default\">\n\t\t\t\t<div class=\"elementor-widget-container\">\n\t\t\t\t\t\t\t<div class=\"elementor-spacer\">\n\t\t\t<div class=\"elementor-spacer-inner\"><\/div>\n\t\t<\/div>\n\t\t\t\t\t\t<\/div>\n\t\t\t\t<\/div>\n\t\t\t\t<section data-particle_enable=\"false\" data-particle-mobile-disabled=\"false\" class=\"elementor-section elementor-inner-section elementor-element elementor-element-156db66d elementor-section-boxed elementor-section-height-default elementor-section-height-default elementor-invisible\" data-id=\"156db66d\" data-element_type=\"section\" data-settings=\"{&quot;animation&quot;:&quot;fadeInUp&quot;}\">\n\t\t\t\t\t\t<div class=\"elementor-container elementor-column-gap-default\">\n\t\t\t\t\t<div class=\"elementor-column elementor-col-33 elementor-inner-column elementor-element elementor-element-19a4c865\" data-id=\"19a4c865\" data-element_type=\"column\">\n\t\t\t<div class=\"elementor-widget-wrap\">\n\t\t\t\t\t\t\t<\/div>\n\t\t<\/div>\n\t\t\t\t<div class=\"elementor-column elementor-col-33 elementor-inner-column elementor-element elementor-element-6888ef38\" data-id=\"6888ef38\" data-element_type=\"column\">\n\t\t\t<div class=\"elementor-widget-wrap elementor-element-populated\">\n\t\t\t\t\t\t<div class=\"elementor-element elementor-element-4db20e15 elementor-widget elementor-widget-heading\" data-id=\"4db20e15\" data-element_type=\"widget\" data-widget_type=\"heading.default\">\n\t\t\t\t<div class=\"elementor-widget-container\">\n\t\t\t\t\t<h1 class=\"elementor-heading-title elementor-size-default\">Notre expertise<\/h1>\t\t\t\t<\/div>\n\t\t\t\t<\/div>\n\t\t\t\t<div class=\"elementor-element elementor-element-1393cf82 elementor-widget elementor-widget-text-editor\" data-id=\"1393cf82\" data-element_type=\"widget\" data-widget_type=\"text-editor.default\">\n\t\t\t\t<div class=\"elementor-widget-container\">\n\t\t\t\t\t\t\t\t\t<p>Des prestations compl\u00e9mentaires pour une <strong>communication digitale \u00e0 360 degr\u00e9s<\/strong><\/p>\t\t\t\t\t\t\t\t<\/div>\n\t\t\t\t<\/div>\n\t\t\t\t\t<\/div>\n\t\t<\/div>\n\t\t\t\t<div class=\"elementor-column elementor-col-33 elementor-inner-column elementor-element elementor-element-61bbccec\" data-id=\"61bbccec\" data-element_type=\"column\">\n\t\t\t<div class=\"elementor-widget-wrap\">\n\t\t\t\t\t\t\t<\/div>\n\t\t<\/div>\n\t\t\t\t\t<\/div>\n\t\t<\/section>\n\t\t\t\t<div class=\"elementor-element elementor-element-148fd198 elementor-widget__width-auto elementor-absolute elementor-hidden-phone elementor-widget elementor-widget-image\" data-id=\"148fd198\" data-element_type=\"widget\" data-settings=\"{&quot;_position&quot;:&quot;absolute&quot;}\" data-widget_type=\"image.default\">\n\t\t\t\t<div class=\"elementor-widget-container\">\n\t\t\t\t\t\t\t\t\t\t\t\t\t\t\t<img decoding=\"async\" width=\"170\" height=\"180\" src=\"https:\/\/www.emediadigital.fr\/wp-content\/uploads\/2022\/09\/Group-1-copy.png\" class=\"attachment-large size-large wp-image-92\" alt=\"\" \/>\t\t\t\t\t\t\t\t\t\t\t\t\t\t\t<\/div>\n\t\t\t\t<\/div>\n\t\t\t\t<div class=\"elementor-element elementor-element-2a293265 elementor-widget__width-auto elementor-absolute elementor-hidden-phone elementor-widget elementor-widget-image\" data-id=\"2a293265\" data-element_type=\"widget\" data-settings=\"{&quot;_position&quot;:&quot;absolute&quot;}\" data-widget_type=\"image.default\">\n\t\t\t\t<div class=\"elementor-widget-container\">\n\t\t\t\t\t\t\t\t\t\t\t\t\t\t\t<img decoding=\"async\" width=\"64\" height=\"62\" src=\"https:\/\/www.emediadigital.fr\/wp-content\/uploads\/2022\/09\/Shape-1.png\" class=\"attachment-large size-large wp-image-93\" alt=\"\" \/>\t\t\t\t\t\t\t\t\t\t\t\t\t\t\t<\/div>\n\t\t\t\t<\/div>\n\t\t\t\t<section data-particle_enable=\"false\" data-particle-mobile-disabled=\"false\" class=\"elementor-section elementor-inner-section elementor-element elementor-element-7d0d392b elementor-section-boxed elementor-section-height-default elementor-section-height-default\" data-id=\"7d0d392b\" data-element_type=\"section\">\n\t\t\t\t\t\t<div class=\"elementor-container elementor-column-gap-default\">\n\t\t\t\t\t<div class=\"elementor-column elementor-col-33 elementor-inner-column elementor-element elementor-element-df4cc37\" data-id=\"df4cc37\" data-element_type=\"column\">\n\t\t\t<div class=\"elementor-widget-wrap elementor-element-populated\">\n\t\t\t\t\t\t<div class=\"elementor-element elementor-element-4c68a07a eael-infobox-shape-circle eael-infobox-hover-img-shape-circle elementor-invisible elementor-widget elementor-widget-eael-info-box\" data-id=\"4c68a07a\" data-element_type=\"widget\" data-settings=\"{&quot;_animation&quot;:&quot;fadeInLeft&quot;}\" data-widget_type=\"eael-info-box.default\">\n\t\t\t\t<div class=\"elementor-widget-container\">\n\t\t\t\t\t        <div class=\"eael-infobox icon-on-left\">\n\t            <div class=\"infobox-icon\">\n\n                            <img decoding=\"async\" src=\"https:\/\/www.emediadigital.fr\/wp-content\/uploads\/2022\/09\/noun_code_721883-1.png\" alt=\"\">\n            \n            \n            \n        <\/div>\n            <div class=\"infobox-content\">\n                    <div class=\"infobox-title-section\">\n                <h2 class=\"title\">STRAT\u00c9GIE R\u00c9SEAUX SOCIAUX<\/h2>            <\/div>\n            <div><p>Nous g\u00e9rons vos activit\u00e9s sur les r\u00e9seaux sociaux en temps r\u00e9el. Nous vous proposons une strat\u00e9gie r\u00e9seaux<br \/>sociaux pour renforcer votre marque et augmenter vos ventes.<\/p><\/div>        <\/div>\n            <\/div>\n\n\t\t\t\t\t\t<\/div>\n\t\t\t\t<\/div>\n\t\t\t\t<div class=\"elementor-element elementor-element-4d701b3b eael-infobox-shape-circle eael-infobox-hover-img-shape-circle elementor-invisible elementor-widget elementor-widget-eael-info-box\" data-id=\"4d701b3b\" data-element_type=\"widget\" data-settings=\"{&quot;_animation&quot;:&quot;fadeInLeft&quot;}\" data-widget_type=\"eael-info-box.default\">\n\t\t\t\t<div class=\"elementor-widget-container\">\n\t\t\t\t\t        <div class=\"eael-infobox icon-on-left\">\n\t            <div class=\"infobox-icon\">\n\n                            <img decoding=\"async\" src=\"https:\/\/www.emediadigital.fr\/wp-content\/uploads\/2022\/09\/noun_money-beg_2256476.png\" alt=\"\">\n            \n            \n            \n        <\/div>\n            <div class=\"infobox-content\">\n                    <div class=\"infobox-title-section\">\n                <h2 class=\"title\">CAMPAGNE PUBLICITAIRE<\/h2>            <\/div>\n            <div><p>Nous utilisons les donn\u00e9es de votre CRM pour cr\u00e9er des campagnes cibl\u00e9es et g\u00e9rer ces derni\u00e8res.<\/p><\/div>        <\/div>\n            <\/div>\n\n\t\t\t\t\t\t<\/div>\n\t\t\t\t<\/div>\n\t\t\t\t<div class=\"elementor-element elementor-element-b801a53 eael-infobox-shape-circle eael-infobox-hover-img-shape-circle elementor-invisible elementor-widget elementor-widget-eael-info-box\" data-id=\"b801a53\" data-element_type=\"widget\" data-settings=\"{&quot;_animation&quot;:&quot;fadeInLeft&quot;}\" data-widget_type=\"eael-info-box.default\">\n\t\t\t\t<div class=\"elementor-widget-container\">\n\t\t\t\t\t        <div class=\"eael-infobox icon-on-left\">\n\t            <div class=\"infobox-icon\">\n\n                            <img decoding=\"async\" src=\"https:\/\/www.emediadigital.fr\/wp-content\/uploads\/2022\/09\/noun_test_1672713-1.png\" alt=\"\">\n            \n            \n            \n        <\/div>\n            <div class=\"infobox-content\">\n                    <div class=\"infobox-title-section\">\n                <h2 class=\"title\">WEBMARKETING ET REFERENCEMENT<\/h2>            <\/div>\n            <div><p>Pour optimiser votre pr\u00e9sence sur les moteurs de recherche, nous mettons en place un syst\u00e8me de<br \/>r\u00e9f\u00e9rencement gratuit ou payant. Une strat\u00e9gie webmarketing est propos\u00e9e dans le cadre de l\u2019am\u00e9lioration de<br \/>l\u2019image de marque de votre enseigne.<\/p><\/div>        <\/div>\n            <\/div>\n\n\t\t\t\t\t\t<\/div>\n\t\t\t\t<\/div>\n\t\t\t\t\t<\/div>\n\t\t<\/div>\n\t\t\t\t<div class=\"elementor-column elementor-col-33 elementor-inner-column elementor-element elementor-element-5d84f5b\" data-id=\"5d84f5b\" data-element_type=\"column\">\n\t\t\t<div class=\"elementor-widget-wrap\">\n\t\t\t\t\t\t\t<\/div>\n\t\t<\/div>\n\t\t\t\t<div class=\"elementor-column elementor-col-33 elementor-inner-column elementor-element elementor-element-72e99da1\" data-id=\"72e99da1\" data-element_type=\"column\">\n\t\t\t<div class=\"elementor-widget-wrap elementor-element-populated\">\n\t\t\t\t\t\t<div class=\"elementor-element elementor-element-6ce2b709 eael-infobox-shape-circle eael-infobox-hover-img-shape-circle elementor-invisible elementor-widget elementor-widget-eael-info-box\" data-id=\"6ce2b709\" data-element_type=\"widget\" data-settings=\"{&quot;_animation&quot;:&quot;fadeInRight&quot;}\" data-widget_type=\"eael-info-box.default\">\n\t\t\t\t<div class=\"elementor-widget-container\">\n\t\t\t\t\t        <div class=\"eael-infobox icon-on-left\">\n\t            <div class=\"infobox-icon\">\n\n                            <img decoding=\"async\" src=\"https:\/\/www.emediadigital.fr\/wp-content\/uploads\/2022\/09\/noun_User-Management_1845018.png\" alt=\"\">\n            \n            \n            \n        <\/div>\n            <div class=\"infobox-content\">\n                    <div class=\"infobox-title-section\">\n                <h2 class=\"title\">CR\u00c9ATION DE SITE INTERNET<\/h2>            <\/div>\n            <div><p>Vous souhaitez faire une refonte de votre site internet et obtenir de meilleures performances ? Nous cr\u00e9ons vos<br \/>sites internet sur-mesure ! Contactez-nous d\u00e8s \u00e0 pr\u00e9sent.<\/p><\/div>        <\/div>\n            <\/div>\n\n\t\t\t\t\t\t<\/div>\n\t\t\t\t<\/div>\n\t\t\t\t<div class=\"elementor-element elementor-element-1579f2f2 eael-infobox-shape-circle eael-infobox-hover-img-shape-circle elementor-invisible elementor-widget elementor-widget-eael-info-box\" data-id=\"1579f2f2\" data-element_type=\"widget\" data-settings=\"{&quot;_animation&quot;:&quot;fadeInRight&quot;}\" data-widget_type=\"eael-info-box.default\">\n\t\t\t\t<div class=\"elementor-widget-container\">\n\t\t\t\t\t        <div class=\"eael-infobox icon-on-left\">\n\t            <div class=\"infobox-icon\">\n\n                            <img decoding=\"async\" src=\"https:\/\/www.emediadigital.fr\/wp-content\/uploads\/2022\/09\/noun_marketing_2481623-1.png\" alt=\"\">\n            \n            \n            \n        <\/div>\n            <div class=\"infobox-content\">\n                    <div class=\"infobox-title-section\">\n                <h2 class=\"title\">STRAT\u00c9GIE DE FID\u00c9LISATION<\/h2>            <\/div>\n            <div><p>Mise en place d\u2019une communication 360\u00b0 : Strat\u00e9gie de fid\u00e9lisation, positionnement, promotion et outils de<br \/>communication. Nous vous accompagnons \u00e0 la strat\u00e9gie globale, commen\u00e7ant par la refonte du positionnement<br \/>de marque \u00e0 la mise en place d\u2019un plan m\u00e9dia global multicanal.<\/p><\/div>        <\/div>\n            <\/div>\n\n\t\t\t\t\t\t<\/div>\n\t\t\t\t<\/div>\n\t\t\t\t<div class=\"elementor-element elementor-element-8a7b5f0 eael-infobox-shape-circle eael-infobox-hover-img-shape-circle elementor-invisible elementor-widget elementor-widget-eael-info-box\" data-id=\"8a7b5f0\" data-element_type=\"widget\" data-settings=\"{&quot;_animation&quot;:&quot;fadeInLeft&quot;}\" data-widget_type=\"eael-info-box.default\">\n\t\t\t\t<div class=\"elementor-widget-container\">\n\t\t\t\t\t        <div class=\"eael-infobox icon-on-left\">\n\t            <div class=\"infobox-icon\">\n\n                            <img decoding=\"async\" src=\"https:\/\/www.emediadigital.fr\/wp-content\/uploads\/2022\/09\/noun_SEO_1248986.png\" alt=\"\">\n            \n            \n            \n        <\/div>\n            <div class=\"infobox-content\">\n                    <div class=\"infobox-title-section\">\n                <h2 class=\"title\">STATISTIQUES ET BILAN<\/h2>            <\/div>\n            <div><p>\u00c9tude des r\u00e9sultats des campagnes Ads, reporting sur le nombre de personnes touch\u00e9es, l\u2019interaction et l\u2019int\u00e9r\u00eat qu\u2019elle a suscit\u00e9 puis mise en place d&rsquo;une nouvelle strat\u00e9gie de ciblage.<\/p><\/div>        <\/div>\n            <\/div>\n\n\t\t\t\t\t\t<\/div>\n\t\t\t\t<\/div>\n\t\t\t\t\t<\/div>\n\t\t<\/div>\n\t\t\t\t\t<\/div>\n\t\t<\/section>\n\t\t\t\t<div class=\"elementor-element elementor-element-cdf6e9c elementor-widget__width-auto elementor-absolute elementor-hidden-phone elementor-widget elementor-widget-image\" data-id=\"cdf6e9c\" data-element_type=\"widget\" data-settings=\"{&quot;_position&quot;:&quot;absolute&quot;}\" data-widget_type=\"image.default\">\n\t\t\t\t<div class=\"elementor-widget-container\">\n\t\t\t\t\t\t\t\t\t\t\t\t\t\t\t<img decoding=\"async\" width=\"180\" height=\"170\" src=\"https:\/\/www.emediadigital.fr\/wp-content\/uploads\/2022\/09\/Group-1-copy-4.png\" class=\"attachment-large size-large wp-image-108\" alt=\"\" \/>\t\t\t\t\t\t\t\t\t\t\t\t\t\t\t<\/div>\n\t\t\t\t<\/div>\n\t\t\t\t<div class=\"elementor-element elementor-element-3099a5cd elementor-widget__width-initial elementor-absolute elementor-hidden-phone elementor-widget elementor-widget-spacer\" data-id=\"3099a5cd\" data-element_type=\"widget\" data-settings=\"{&quot;_position&quot;:&quot;absolute&quot;}\" data-widget_type=\"spacer.default\">\n\t\t\t\t<div class=\"elementor-widget-container\">\n\t\t\t\t\t\t\t<div class=\"elementor-spacer\">\n\t\t\t<div class=\"elementor-spacer-inner\"><\/div>\n\t\t<\/div>\n\t\t\t\t\t\t<\/div>\n\t\t\t\t<\/div>\n\t\t\t\t\t<\/div>\n\t\t<\/div>\n\t\t\t\t\t<\/div>\n\t\t<\/section>\n\t\t\t\t<section data-particle_enable=\"false\" data-particle-mobile-disabled=\"false\" class=\"elementor-section elementor-top-section elementor-element elementor-element-5ba6d6d2 elementor-section-boxed elementor-section-height-default elementor-section-height-default\" data-id=\"5ba6d6d2\" data-element_type=\"section\" id=\"achievement_section\" data-settings=\"{&quot;animation&quot;:&quot;none&quot;}\">\n\t\t\t\t\t\t<div class=\"elementor-container elementor-column-gap-default\">\n\t\t\t\t\t<div class=\"elementor-column elementor-col-100 elementor-top-column elementor-element elementor-element-67107a3e p-0\" data-id=\"67107a3e\" data-element_type=\"column\">\n\t\t\t<div class=\"elementor-widget-wrap elementor-element-populated\">\n\t\t\t\t\t\t<div class=\"elementor-element elementor-element-3eea8e29 elementor-widget__width-auto elementor-absolute elementor-hidden-phone elementor-widget elementor-widget-image\" data-id=\"3eea8e29\" data-element_type=\"widget\" data-settings=\"{&quot;_position&quot;:&quot;absolute&quot;}\" data-widget_type=\"image.default\">\n\t\t\t\t<div class=\"elementor-widget-container\">\n\t\t\t\t\t\t\t\t\t\t\t\t\t\t\t<img loading=\"lazy\" decoding=\"async\" width=\"65\" height=\"56\" src=\"https:\/\/www.emediadigital.fr\/wp-content\/uploads\/2022\/09\/Shape-1-copy-2-1.png\" class=\"attachment-large size-large wp-image-131\" alt=\"\" \/>\t\t\t\t\t\t\t\t\t\t\t\t\t\t\t<\/div>\n\t\t\t\t<\/div>\n\t\t\t\t<div class=\"elementor-element elementor-element-1a51d6f9 elementor-widget__width-auto elementor-absolute elementor-hidden-phone elementor-invisible elementor-widget elementor-widget-image\" data-id=\"1a51d6f9\" data-element_type=\"widget\" data-settings=\"{&quot;_position&quot;:&quot;absolute&quot;,&quot;_animation&quot;:&quot;zoomIn&quot;}\" data-widget_type=\"image.default\">\n\t\t\t\t<div class=\"elementor-widget-container\">\n\t\t\t\t\t\t\t\t\t\t\t\t\t\t\t<img loading=\"lazy\" decoding=\"async\" width=\"495\" height=\"495\" src=\"https:\/\/www.emediadigital.fr\/wp-content\/uploads\/2022\/09\/Ellipse-6-copy.png\" class=\"attachment-large size-large wp-image-133\" alt=\"\" srcset=\"https:\/\/www.emediadigital.fr\/wp-content\/uploads\/2022\/09\/Ellipse-6-copy.png 495w, https:\/\/www.emediadigital.fr\/wp-content\/uploads\/2022\/09\/Ellipse-6-copy-300x300.png 300w, https:\/\/www.emediadigital.fr\/wp-content\/uploads\/2022\/09\/Ellipse-6-copy-150x150.png 150w\" sizes=\"(max-width: 495px) 100vw, 495px\" \/>\t\t\t\t\t\t\t\t\t\t\t\t\t\t\t<\/div>\n\t\t\t\t<\/div>\n\t\t\t\t\t<\/div>\n\t\t<\/div>\n\t\t\t\t\t<\/div>\n\t\t<\/section>\n\t\t\t\t<section data-particle_enable=\"false\" data-particle-mobile-disabled=\"false\" class=\"elementor-section elementor-top-section elementor-element elementor-element-ae450e5 elementor-section-boxed elementor-section-height-default elementor-section-height-default\" data-id=\"ae450e5\" data-element_type=\"section\">\n\t\t\t\t\t\t<div class=\"elementor-container elementor-column-gap-default\">\n\t\t\t\t\t<div class=\"elementor-column elementor-col-100 elementor-top-column elementor-element elementor-element-ee94f73\" data-id=\"ee94f73\" data-element_type=\"column\">\n\t\t\t<div class=\"elementor-widget-wrap elementor-element-populated\">\n\t\t\t\t\t\t<section data-particle_enable=\"false\" data-particle-mobile-disabled=\"false\" class=\"elementor-section elementor-inner-section elementor-element elementor-element-4eb7488a elementor-section-boxed elementor-section-height-default elementor-section-height-default\" data-id=\"4eb7488a\" data-element_type=\"section\">\n\t\t\t\t\t\t<div class=\"elementor-container elementor-column-gap-default\">\n\t\t\t\t\t<div class=\"elementor-column elementor-col-33 elementor-inner-column elementor-element elementor-element-7bcb37a0\" data-id=\"7bcb37a0\" data-element_type=\"column\">\n\t\t\t<div class=\"elementor-widget-wrap elementor-element-populated\">\n\t\t\t\t\t\t<div class=\"elementor-element elementor-element-277026d2 elementor-invisible elementor-widget elementor-widget-eael-counter\" data-id=\"277026d2\" data-element_type=\"widget\" data-settings=\"{&quot;_animation&quot;:&quot;zoomIn&quot;}\" data-widget_type=\"eael-counter.default\">\n\t\t\t\t<div class=\"elementor-widget-container\">\n\t\t\t\t\t        <div class=\"eael-counter-container\">\n            <div class=\"eael-counter eael-counter-277026d2 eael-counter-layout-1\" data-target=\".eael-counter-number-277026d2\">\n                                                <span class=\"eael-counter-icon-wrap\">\n                <span class=\"eael-counter-icon\">\n                    <span class=\"eael-counter-svg-icon\"><i class=\"fab fa-instagram\"><\/i><\/span>                <\/span>\n            <\/span>\n                        \n                    <div class=\"eael-counter-number-title-wrap\">\n                        <div class=\"eael-counter-number-wrap\">\n                                                        <div class=\"eael-counter-number eael-counter-number-277026d2\" data-to=\"450\" data-speed=\"1800\">0<\/div>\n                            <span class=\"eael-counter-number-suffix\">+<\/span>                        <\/div>\n\n                        \n                        <div class=\"eael-counter-title\">INSTAGRAM TENUS<\/div>                    <\/div>\n                            <\/div>\n        <\/div><!-- .eael-counter-container -->\n        \t\t\t\t<\/div>\n\t\t\t\t<\/div>\n\t\t\t\t\t<\/div>\n\t\t<\/div>\n\t\t\t\t<div class=\"elementor-column elementor-col-33 elementor-inner-column elementor-element elementor-element-3415afe3\" data-id=\"3415afe3\" data-element_type=\"column\">\n\t\t\t<div class=\"elementor-widget-wrap elementor-element-populated\">\n\t\t\t\t\t\t<div class=\"elementor-element elementor-element-719354ad elementor-invisible elementor-widget elementor-widget-eael-counter\" data-id=\"719354ad\" data-element_type=\"widget\" data-settings=\"{&quot;_animation&quot;:&quot;zoomIn&quot;}\" data-widget_type=\"eael-counter.default\">\n\t\t\t\t<div class=\"elementor-widget-container\">\n\t\t\t\t\t        <div class=\"eael-counter-container\">\n            <div class=\"eael-counter eael-counter-719354ad eael-counter-layout-1\" data-target=\".eael-counter-number-719354ad\">\n                                                <span class=\"eael-counter-icon-wrap\">\n                <span class=\"eael-counter-icon\">\n                    <span class=\"eael-counter-svg-icon\"><i class=\"fas fa-desktop\"><\/i><\/span>                <\/span>\n            <\/span>\n                        \n                    <div class=\"eael-counter-number-title-wrap\">\n                        <div class=\"eael-counter-number-wrap\">\n                                                        <div class=\"eael-counter-number eael-counter-number-719354ad\" data-to=\"300\" data-speed=\"1800\">0<\/div>\n                            <span class=\"eael-counter-number-suffix\">+<\/span>                        <\/div>\n\n                        \n                        <div class=\"eael-counter-title\">SITES CR\u00c9\u00c9S<\/div>                    <\/div>\n                            <\/div>\n        <\/div><!-- .eael-counter-container -->\n        \t\t\t\t<\/div>\n\t\t\t\t<\/div>\n\t\t\t\t\t<\/div>\n\t\t<\/div>\n\t\t\t\t<div class=\"elementor-column elementor-col-33 elementor-inner-column elementor-element elementor-element-5cbc0669\" data-id=\"5cbc0669\" data-element_type=\"column\">\n\t\t\t<div class=\"elementor-widget-wrap elementor-element-populated\">\n\t\t\t\t\t\t<div class=\"elementor-element elementor-element-4352db6c elementor-invisible elementor-widget elementor-widget-eael-counter\" data-id=\"4352db6c\" data-element_type=\"widget\" data-settings=\"{&quot;_animation&quot;:&quot;zoomIn&quot;}\" data-widget_type=\"eael-counter.default\">\n\t\t\t\t<div class=\"elementor-widget-container\">\n\t\t\t\t\t        <div class=\"eael-counter-container\">\n            <div class=\"eael-counter eael-counter-4352db6c eael-counter-layout-1\" data-target=\".eael-counter-number-4352db6c\">\n                                                <span class=\"eael-counter-icon-wrap\">\n                <span class=\"eael-counter-icon\">\n                    <span class=\"eael-counter-svg-icon\"><i class=\"far fa-grin-stars\"><\/i><\/span>                <\/span>\n            <\/span>\n                        \n                    <div class=\"eael-counter-number-title-wrap\">\n                        <div class=\"eael-counter-number-wrap\">\n                                                        <div class=\"eael-counter-number eael-counter-number-4352db6c\" data-to=\"750\" data-speed=\"1800\">0<\/div>\n                            <span class=\"eael-counter-number-suffix\">+<\/span>                        <\/div>\n\n                        \n                        <div class=\"eael-counter-title\">CLIENTS SATISFAITS<\/div>                    <\/div>\n                            <\/div>\n        <\/div><!-- .eael-counter-container -->\n        \t\t\t\t<\/div>\n\t\t\t\t<\/div>\n\t\t\t\t\t<\/div>\n\t\t<\/div>\n\t\t\t\t\t<\/div>\n\t\t<\/section>\n\t\t\t\t\t<\/div>\n\t\t<\/div>\n\t\t\t\t\t<\/div>\n\t\t<\/section>\n\t\t\t\t<\/div>\n\t\t","protected":false},"excerpt":{"rendered":"<p>Notre expertise Des prestations compl\u00e9mentaires pour une communication digitale \u00e0 360 degr\u00e9s STRAT\u00c9GIE R\u00c9SEAUX SOCIAUX Nous g\u00e9rons vos activit\u00e9s sur les r\u00e9seaux sociaux en temps r\u00e9el. Nous vous proposons une strat\u00e9gie r\u00e9seauxsociaux pour renforcer votre marque et augmenter vos ventes. CAMPAGNE PUBLICITAIRE Nous utilisons les donn\u00e9es de votre CRM pour cr\u00e9er des campagnes cibl\u00e9es et &hellip;<\/p>\n<p class=\"read-more\"> <a class=\"\" href=\"https:\/\/www.emediadigital.fr\/?page_id=10\"> <span class=\"screen-reader-text\">Notre expertise<\/span> Lire la suite\u00a0\u00bb<\/a><\/p>\n","protected":false},"author":1,"featured_media":0,"parent":0,"menu_order":0,"comment_status":"closed","ping_status":"closed","template":"","meta":{"site-sidebar-layout":"no-sidebar","site-content-layout":"page-builder","ast-global-header-display":"","ast-main-header-display":"","ast-hfb-above-header-display":"","ast-hfb-below-header-display":"","ast-hfb-mobile-header-display":"","site-post-title":"disabled","ast-breadcrumbs-content":"","ast-featured-img":"disabled","footer-sml-layout":"","theme-transparent-header-meta":"","adv-header-id-meta":"","stick-header-meta":"","header-above-stick-meta":"","header-main-stick-meta":"","header-below-stick-meta":"","footnotes":""},"class_list":["post-10","page","type-page","status-publish","hentry"],"_links":{"self":[{"href":"https:\/\/www.emediadigital.fr\/index.php?rest_route=\/wp\/v2\/pages\/10","targetHints":{"allow":["GET"]}}],"collection":[{"href":"https:\/\/www.emediadigital.fr\/index.php?rest_route=\/wp\/v2\/pages"}],"about":[{"href":"https:\/\/www.emediadigital.fr\/index.php?rest_route=\/wp\/v2\/types\/page"}],"author":[{"embeddable":true,"href":"https:\/\/www.emediadigital.fr\/index.php?rest_route=\/wp\/v2\/users\/1"}],"replies":[{"embeddable":true,"href":"https:\/\/www.emediadigital.fr\/index.php?rest_route=%2Fwp%2Fv2%2Fcomments&post=10"}],"version-history":[{"count":106,"href":"https:\/\/www.emediadigital.fr\/index.php?rest_route=\/wp\/v2\/pages\/10\/revisions"}],"predecessor-version":[{"id":2012,"href":"https:\/\/www.emediadigital.fr\/index.php?rest_route=\/wp\/v2\/pages\/10\/revisions\/2012"}],"wp:attachment":[{"href":"https:\/\/www.emediadigital.fr\/index.php?rest_route=%2Fwp%2Fv2%2Fmedia&parent=10"}],"curies":[{"name":"wp","href":"https:\/\/api.w.org\/{rel}","templated":true}]}}